{"id":87,"date":"2025-08-25T14:59:24","date_gmt":"2025-08-25T14:59:24","guid":{"rendered":"https:\/\/automaxly.com\/?page_id=87"},"modified":"2025-08-29T15:18:08","modified_gmt":"2025-08-29T15:18:08","slug":"impressum","status":"publish","type":"page","link":"https:\/\/automaxly.com\/en\/main\/impressum\/","title":{"rendered":"Legal Notice"},"content":{"rendered":"<div class=\"wp-block-group alignfull has-background-background-color has-background has-global-padding is-layout-constrained wp-container-core-group-is-layout-7276a2bb wp-block-group-is-layout-constrained\" style=\"margin-top:0;margin-bottom:0;padding-top:var(--wp--preset--spacing--60);padding-right:var(--wp--preset--spacing--30);padding-bottom:var(--wp--preset--spacing--60);padding-left:var(--wp--preset--spacing--30)\">\n<div class=\"wp-block-columns alignwide is-layout-flex wp-container-core-columns-is-layout-47c06fe3 wp-block-columns-is-layout-flex\">\n<div class=\"wp-block-column is-layout-flow wp-block-column-is-layout-flow\" style=\"flex-basis:50%\">\n<h2 class=\"wp-block-heading has-large-font-size\">Here you will find the legal information and contact details of Automaxly in accordance with \u00a7 5 TMG.<\/h2>\n<\/div>\n\n\n\n<div class=\"wp-block-column is-layout-flow wp-container-core-column-is-layout-f5bb311e wp-block-column-is-layout-flow\" style=\"flex-basis:50%\">\n<p>Automaxly is committed to transparency and reliability, delivering professional solutions and outstanding service to meet your needs.<\/p>\n\n\n\n<p>At Automaxly, our services are designed to meet your needs efficiently while ensuring the highest standards of quality and customer care.<\/p>\n<\/div>\n<\/div>\n\n\n\n<p>Automaxly \u2013 AI Automation Max Husseck<br>Owner: Max Husseck<br>Theodor-Weber-Reihe 3<br>22111 Hamburg<\/p>\n\n\n\n<p><strong>Contact<\/strong><br>Telefon: +49 15563 983943<br>E-Mail: <a>contact@automaxly.com<\/a><\/p>\n\n\n\n<p><strong>VAT ID<\/strong><br>Value Added Tax Identification Number in accordance with \u00a7 27a German VAT Act: DE456153700<\/p>\n\n\n\n<p><strong>Person responsible for content in accordance with \u00a7 55(2) RStV<\/strong><br>Max Husseck<br>Theodor-Weber-Reihe 3<br>22111 Hamburg<\/p>\n\n\n\n<hr class=\"wp-block-separator has-text-color has-alpha-channel-opacity has-background is-style-wide\" style=\"background-color:#1a1a1a61;color:#1a1a1a61\"\/>\n\n\n\n<p class=\"translation-block\"><strong>Liability for Content<\/strong><br>\nAs a service provider, we are responsible for our own content on these pages in accordance with \u00a7 7(1) TMG and general laws.<br>\nAccording to \u00a7\u00a7 8\u201310 TMG, however, we are not obligated as a service provider to monitor transmitted or stored third-party information or to investigate circumstances that indicate illegal activity.<br>\nObligations to remove or block the use of information under general laws remain unaffected. Liability in this regard is, however, only possible from the time of knowledge of a specific legal infringement.<br>\nUpon becoming aware of such legal violations, we will remove the content immediately.<\/p>\n\n\n\n<p class=\"translation-block\"><strong>Liability for Links<\/strong><br>\nOur website may contain links to external third-party websites over which we have no control. Therefore, we cannot assume any responsibility for their content.<br>\nThe content of the linked pages is always the responsibility of the respective provider or operator.<br>\nThe linked sites were checked for possible legal violations at the time of linking.<br>\nNo illegal content was apparent at the time of linking. However, continuous monitoring of the content of linked pages is not reasonable without concrete evidence of a legal violation.<br>\nUpon becoming aware of any legal infringements, we will remove such links immediately.<\/p>\n\n\n\n<p class=\"translation-block\"><strong>Copyright<\/strong><br>\nThe content and works created by the site operators on these pages are protected by German copyright law.<br>\nReproduction, editing, distribution, and any kind of use beyond the limits of copyright require the written consent of the respective author or creator.<br>\nDownloads and copies of this site are permitted only for private, non-commercial use.<br>\nInsofar as the content on this site was not created by the operator, the copyrights of third parties are respected.<br>\nIn particular, third-party content is marked as such.<br>\nIf you become aware of a copyright infringement, please notify us. Upon becoming aware of any violations, we will remove such content immediately.<\/p>\n<\/div>","protected":false},"excerpt":{"rendered":"<p>Hier finden Sie die gesetzlichen Angaben und Kontaktinformationen von Automaxly gem\u00e4\u00df \u00a7 5 TMG Automaxly verpflichtet sich zu Transparenz und Zuverl\u00e4ssigkeit, um Ihre Bed\u00fcrfnisse mit professionellen L\u00f6sungen und \u00fcberzeugendem Service zu erf\u00fcllen. Unsere Dienstleistungen bei Automaxly sind darauf ausgerichtet, Ihre Anforderungen effizient zu erf\u00fcllen und h\u00f6chste Standards in Qualit\u00e4t und Kundenbetreuung zu gew\u00e4hrleisten. Automaxly \u2013 [&hellip;]<\/p>\n","protected":false},"author":1,"featured_media":0,"parent":22,"menu_order":0,"comment_status":"closed","ping_status":"closed","template":"page-with-title","meta":{"content-type":"","footnotes":""},"class_list":["post-87","page","type-page","status-publish","hentry"],"aioseo_notices":[],"_links":{"self":[{"href":"https:\/\/automaxly.com\/en\/wp-json\/wp\/v2\/pages\/87","targetHints":{"allow":["GET"]}}],"collection":[{"href":"https:\/\/automaxly.com\/en\/wp-json\/wp\/v2\/pages"}],"about":[{"href":"https:\/\/automaxly.com\/en\/wp-json\/wp\/v2\/types\/page"}],"author":[{"embeddable":true,"href":"https:\/\/automaxly.com\/en\/wp-json\/wp\/v2\/users\/1"}],"replies":[{"embeddable":true,"href":"https:\/\/automaxly.com\/en\/wp-json\/wp\/v2\/comments?post=87"}],"version-history":[{"count":2,"href":"https:\/\/automaxly.com\/en\/wp-json\/wp\/v2\/pages\/87\/revisions"}],"predecessor-version":[{"id":122,"href":"https:\/\/automaxly.com\/en\/wp-json\/wp\/v2\/pages\/87\/revisions\/122"}],"up":[{"embeddable":true,"href":"https:\/\/automaxly.com\/en\/wp-json\/wp\/v2\/pages\/22"}],"wp:attachment":[{"href":"https:\/\/automaxly.com\/en\/wp-json\/wp\/v2\/media?parent=87"}],"curies":[{"name":"wp","href":"https:\/\/api.w.org\/{rel}","templated":true}]}}